{"id":107,"date":"2021-06-04T19:57:01","date_gmt":"2021-06-04T19:57:01","guid":{"rendered":"https:\/\/neumaticoslowcost.es\/?page_id=107"},"modified":"2021-06-04T20:21:42","modified_gmt":"2021-06-04T20:21:42","slug":"galeria","status":"publish","type":"page","link":"https:\/\/neumaticoslowcost.es\/index.php\/galeria\/","title":{"rendered":"Galeria"},"content":{"rendered":"<p>[et_pb_section fb_built=\u00bb1&#8243; admin_label=\u00bbHeader\u00bb _builder_version=\u00bb4.3.1&#8243; custom_padding=\u00bb5vw||||false|false\u00bb][et_pb_row column_structure=\u00bb3_5,2_5&#8243; _builder_version=\u00bb4.3.1&#8243; custom_padding=\u00bb||0px|||\u00bb][et_pb_column type=\u00bb3_5&#8243; _builder_version=\u00bb4.3.1&#8243; hover_enabled=\u00bb0&#8243; sticky_enabled=\u00bb0&#8243;][et_pb_text _builder_version=\u00bb4.6.6&#8243; text_font_size=\u00bb16px\u00bb text_line_height=\u00bb1.8em\u00bb header_font=\u00bbKanit|700|||||||\u00bb header_font_size=\u00bb80px\u00bb max_width=\u00bb550px\u00bb hover_enabled=\u00bb0&#8243; header_font_size_tablet=\u00bb60px\u00bb header_font_size_phone=\u00bb42px\u00bb header_font_size_last_edited=\u00bbon|phone\u00bb locked=\u00bboff\u00bb sticky_enabled=\u00bb0&#8243;]<\/p>\n<h1>Saber m\u00e1s de nosotros<\/h1>\n<p>[\/et_pb_text][et_pb_image src=\u00bbhttps:\/\/neumaticoslowcost.es\/wp-content\/uploads\/2021\/06\/WhatsApp-Image-2021-06-04-at-17.40.27-1-300&#215;187.jpeg\u00bb _builder_version=\u00bb4.6.6&#8243; _module_preset=\u00bbdefault\u00bb title_text=\u00bbWhatsApp Image 2021-06-04 at 17.40.27 (1)\u00bb hover_enabled=\u00bb0&#8243; sticky_enabled=\u00bb0&#8243;][\/et_pb_image][et_pb_image src=\u00bbhttps:\/\/neumaticoslowcost.es\/wp-content\/uploads\/2021\/06\/NEUMA\u0301TICOS-LOW-COST&#8211;300&#215;135.jpeg\u00bb _builder_version=\u00bb4.6.6&#8243; _module_preset=\u00bbdefault\u00bb title_text=\u00bbNEUMA\u0301TICOS LOW COST\u00bb hover_enabled=\u00bb0&#8243; sticky_enabled=\u00bb0&#8243; align=\u00bbcenter\u00bb][\/et_pb_image][\/et_pb_column][et_pb_column type=\u00bb2_5&#8243; _builder_version=\u00bb4.3.1&#8243;][et_pb_text _builder_version=\u00bb4.6.6&#8243; text_font_size=\u00bb16px\u00bb text_line_height=\u00bb1.8em\u00bb max_width=\u00bb520px\u00bb custom_padding=\u00bb||||false|false\u00bb hover_enabled=\u00bb0&#8243; locked=\u00bboff\u00bb sticky_enabled=\u00bb0&#8243;]<\/p>\n<p>Disponemos de neum\u00e1ticos de ocasi\u00f3n de primeras marcas, todos revisados y de primera calidad a unos precios incre\u00edbles. Estos neum\u00e1ticos provienen mayoritariamente del mercado del norte de Europa, donde es muy com\u00fan sustituir los neum\u00e1ticos dependiendo de la \u00e9poca del a\u00f1o (Invierno-Verano), ya que en muchos de estos pa\u00edses es\u00a0 obligatorio montar neum\u00e1ticos de invierno, esto hace que se generen neum\u00e1ticos en muchos casos casi nuevos, que son perfectamente reutilizables. Con todo ello a la vez que tenemos un ahorro muy importante, contribuimos al cuidado de nuestro planeta. Econom\u00eda y respeto al medio ambiente no siempre est\u00e1n re\u00f1idos. Tambi\u00e9n disponemos de neum\u00e1ticos procedentes de veh\u00edculos de renting con muy poco uso.<\/p>\n<p>[\/et_pb_text][et_pb_button button_text=\u00bbInformate\u00bb _builder_version=\u00bb4.6.6&#8243; custom_button=\u00bbon\u00bb button_bg_color=\u00bb#1700bd\u00bb button_border_color=\u00bbrgba(0,0,0,0)\u00bb button_border_radius=\u00bb0px\u00bb button_font=\u00bbKanit|700|||||||\u00bb button_icon=\u00bb%%3%%\u00bb background_layout=\u00bbdark\u00bb custom_padding=\u00bb15px|40px|15px|40px|true|true\u00bb hover_enabled=\u00bb0&#8243; locked=\u00bboff\u00bb button_url=\u00bbtel:981533848&#8243; sticky_enabled=\u00bb0&#8243;][\/et_pb_button][\/et_pb_column][\/et_pb_row][\/et_pb_section][et_pb_section fb_built=\u00bb1&#8243; admin_label=\u00bbServices\u00bb _builder_version=\u00bb4.3.1&#8243; custom_padding=\u00bb1px||3vw||false|false\u00bb locked=\u00bboff\u00bb][et_pb_row column_structure=\u00bb1_4,1_4,1_4,1_4&#8243; _builder_version=\u00bb4.2.2&#8243;][et_pb_column type=\u00bb1_4&#8243; _builder_version=\u00bb4.2.2&#8243;][et_pb_blurb image=\u00bbhttps:\/\/neumaticoslowcost.es\/wp-content\/uploads\/2021\/06\/WhatsApp-Image-2021-06-04-at-17.40.27-2-169&#215;300.jpeg\u00bb content_max_width=\u00bb100%\u00bb _builder_version=\u00bb4.6.6&#8243; header_font=\u00bbKanit|700|||||||\u00bb header_font_size=\u00bb24px\u00bb header_line_height=\u00bb1.4em\u00bb body_line_height=\u00bb1.8em\u00bb animation=\u00bboff\u00bb hover_enabled=\u00bb0&#8243; locked=\u00bboff\u00bb title_text=\u00bbWhatsApp Image 2021-06-04 at 17.40.27 (2)\u00bb sticky_enabled=\u00bb0&#8243;][\/et_pb_blurb][\/et_pb_column][et_pb_column type=\u00bb1_4&#8243; _builder_version=\u00bb4.2.2&#8243;][et_pb_blurb image=\u00bbhttps:\/\/neumaticoslowcost.es\/wp-content\/uploads\/2021\/06\/WhatsApp-Image-2021-06-04-at-17.38.34-169&#215;300.jpeg\u00bb content_max_width=\u00bb100%\u00bb _builder_version=\u00bb4.6.6&#8243; header_font=\u00bbKanit|700|||||||\u00bb header_font_size=\u00bb24px\u00bb header_line_height=\u00bb1.4em\u00bb body_line_height=\u00bb1.8em\u00bb animation=\u00bboff\u00bb hover_enabled=\u00bb0&#8243; locked=\u00bboff\u00bb title_text=\u00bbWhatsApp Image 2021-06-04 at 17.38.34&#8243; sticky_enabled=\u00bb0&#8243;][\/et_pb_blurb][\/et_pb_column][et_pb_column type=\u00bb1_4&#8243; _builder_version=\u00bb4.2.2&#8243;][et_pb_blurb image=\u00bbhttps:\/\/neumaticoslowcost.es\/wp-content\/uploads\/2021\/06\/WhatsApp-Image-2021-06-04-at-17.38.34-1-146&#215;300.jpeg\u00bb content_max_width=\u00bb100%\u00bb _builder_version=\u00bb4.6.6&#8243; header_font=\u00bbKanit|700|||||||\u00bb header_font_size=\u00bb24px\u00bb header_line_height=\u00bb1.4em\u00bb body_line_height=\u00bb1.8em\u00bb animation=\u00bboff\u00bb hover_enabled=\u00bb0&#8243; locked=\u00bboff\u00bb title_text=\u00bbWhatsApp Image 2021-06-04 at 17.38.34 (1)\u00bb sticky_enabled=\u00bb0&#8243;][\/et_pb_blurb][\/et_pb_column][et_pb_column type=\u00bb1_4&#8243; _builder_version=\u00bb4.2.2&#8243;][et_pb_blurb image=\u00bbhttps:\/\/neumaticoslowcost.es\/wp-content\/uploads\/2021\/06\/WhatsApp-Image-2021-06-04-at-17.40.27-169&#215;300.jpeg\u00bb content_max_width=\u00bb100%\u00bb _builder_version=\u00bb4.6.6&#8243; header_font=\u00bbKanit|700|||||||\u00bb header_font_size=\u00bb24px\u00bb header_line_height=\u00bb1.4em\u00bb body_line_height=\u00bb1.8em\u00bb animation=\u00bboff\u00bb hover_enabled=\u00bb0&#8243; locked=\u00bboff\u00bb title_text=\u00bbWhatsApp Image 2021-06-04 at 17.40.27&#8243; sticky_enabled=\u00bb0&#8243;][\/et_pb_blurb][\/et_pb_column][\/et_pb_row][et_pb_row column_structure=\u00bb1_4,1_4,1_4,1_4&#8243; _builder_version=\u00bb4.2.2&#8243;][et_pb_column type=\u00bb1_4&#8243; _builder_version=\u00bb4.2.2&#8243;][et_pb_blurb image=\u00bbhttps:\/\/neumaticoslowcost.es\/wp-content\/uploads\/2021\/06\/WhatsApp-Image-2021-06-04-at-17.45.47-1-225&#215;300.jpeg\u00bb content_max_width=\u00bb100%\u00bb _builder_version=\u00bb4.6.6&#8243; header_font=\u00bbKanit|700|||||||\u00bb header_font_size=\u00bb24px\u00bb header_line_height=\u00bb1.4em\u00bb body_line_height=\u00bb1.8em\u00bb animation=\u00bboff\u00bb hover_enabled=\u00bb0&#8243; title_text=\u00bbWhatsApp Image 2021-06-04 at 17.45.47 (1)\u00bb sticky_enabled=\u00bb0&#8243;][\/et_pb_blurb][et_pb_blurb image=\u00bbhttps:\/\/neumaticoslowcost.es\/wp-content\/uploads\/2021\/06\/WhatsApp-Image-2021-06-04-at-17.37.28-169&#215;300.jpeg\u00bb content_max_width=\u00bb100%\u00bb _builder_version=\u00bb4.6.6&#8243; header_font=\u00bbKanit|700|||||||\u00bb header_font_size=\u00bb24px\u00bb header_line_height=\u00bb1.4em\u00bb body_line_height=\u00bb1.8em\u00bb animation=\u00bboff\u00bb hover_enabled=\u00bb0&#8243; title_text=\u00bbWhatsApp Image 2021-06-04 at 17.37.28&#8243; sticky_enabled=\u00bb0&#8243;][\/et_pb_blurb][\/et_pb_column][et_pb_column type=\u00bb1_4&#8243; _builder_version=\u00bb4.2.2&#8243;][et_pb_blurb image=\u00bbhttps:\/\/neumaticoslowcost.es\/wp-content\/uploads\/2021\/06\/WhatsApp-Image-2021-06-04-at-17.45.47-2-300&#215;225.jpeg\u00bb content_max_width=\u00bb100%\u00bb _builder_version=\u00bb4.6.6&#8243; header_font=\u00bbKanit|700|||||||\u00bb header_font_size=\u00bb24px\u00bb header_line_height=\u00bb1.4em\u00bb body_line_height=\u00bb1.8em\u00bb animation=\u00bboff\u00bb hover_enabled=\u00bb0&#8243; locked=\u00bboff\u00bb title_text=\u00bbWhatsApp Image 2021-06-04 at 17.45.47 (2)\u00bb sticky_enabled=\u00bb0&#8243;][\/et_pb_blurb][et_pb_blurb image=\u00bbhttps:\/\/neumaticoslowcost.es\/wp-content\/uploads\/2021\/06\/detailing-18.png\u00bb content_max_width=\u00bb100%\u00bb _builder_version=\u00bb4.6.6&#8243; header_font=\u00bbKanit|700|||||||\u00bb header_font_size=\u00bb24px\u00bb header_line_height=\u00bb1.4em\u00bb body_line_height=\u00bb1.8em\u00bb animation=\u00bboff\u00bb hover_enabled=\u00bb0&#8243; sticky_enabled=\u00bb0&#8243;][\/et_pb_blurb][et_pb_blurb image=\u00bbhttps:\/\/neumaticoslowcost.es\/wp-content\/uploads\/2021\/06\/detailing-19-300&#215;236.png\u00bb content_max_width=\u00bb100%\u00bb _builder_version=\u00bb4.6.6&#8243; header_font=\u00bbKanit|700|||||||\u00bb header_font_size=\u00bb24px\u00bb header_line_height=\u00bb1.4em\u00bb body_line_height=\u00bb1.8em\u00bb animation=\u00bboff\u00bb hover_enabled=\u00bb0&#8243; sticky_enabled=\u00bb0&#8243; title_text=\u00bbdetailing-19&#8243;][\/et_pb_blurb][\/et_pb_column][et_pb_column type=\u00bb1_4&#8243; _builder_version=\u00bb4.2.2&#8243;][et_pb_blurb image=\u00bbhttps:\/\/neumaticoslowcost.es\/wp-content\/uploads\/2021\/06\/WhatsApp-Image-2021-06-04-at-17.45.48-300&#215;225.jpeg\u00bb content_max_width=\u00bb100%\u00bb _builder_version=\u00bb4.6.6&#8243; header_font=\u00bbKanit|700|||||||\u00bb header_font_size=\u00bb24px\u00bb header_line_height=\u00bb1.4em\u00bb body_line_height=\u00bb1.8em\u00bb animation=\u00bboff\u00bb hover_enabled=\u00bb0&#8243; locked=\u00bboff\u00bb title_text=\u00bbWhatsApp Image 2021-06-04 at 17.45.48&#8243; sticky_enabled=\u00bb0&#8243;][\/et_pb_blurb][et_pb_blurb image=\u00bbhttps:\/\/neumaticoslowcost.es\/wp-content\/uploads\/2021\/06\/WhatsApp-Image-2021-06-04-at-17.45.46-300&#215;225.jpeg\u00bb content_max_width=\u00bb100%\u00bb _builder_version=\u00bb4.6.6&#8243; header_font=\u00bbKanit|700|||||||\u00bb header_font_size=\u00bb24px\u00bb header_line_height=\u00bb1.4em\u00bb body_line_height=\u00bb1.8em\u00bb animation=\u00bboff\u00bb hover_enabled=\u00bb0&#8243; locked=\u00bboff\u00bb title_text=\u00bbWhatsApp Image 2021-06-04 at 17.45.46&#8243; sticky_enabled=\u00bb0&#8243;][\/et_pb_blurb][et_pb_blurb image=\u00bbhttps:\/\/neumaticoslowcost.es\/wp-content\/uploads\/2021\/06\/detailing-21-300&#215;225.jpg\u00bb content_max_width=\u00bb100%\u00bb _builder_version=\u00bb4.6.6&#8243; header_font=\u00bbKanit|700|||||||\u00bb header_font_size=\u00bb24px\u00bb header_line_height=\u00bb1.4em\u00bb body_line_height=\u00bb1.8em\u00bb animation=\u00bboff\u00bb hover_enabled=\u00bb0&#8243; locked=\u00bboff\u00bb title_text=\u00bbdetailing-21&#8243; sticky_enabled=\u00bb0&#8243;][\/et_pb_blurb][\/et_pb_column][et_pb_column type=\u00bb1_4&#8243; _builder_version=\u00bb4.2.2&#8243;][et_pb_blurb image=\u00bbhttps:\/\/neumaticoslowcost.es\/wp-content\/uploads\/2021\/06\/WhatsApp-Image-2021-06-04-at-17.45.49-225&#215;300.jpeg\u00bb content_max_width=\u00bb100%\u00bb _builder_version=\u00bb4.6.6&#8243; header_font=\u00bbKanit|700|||||||\u00bb header_font_size=\u00bb24px\u00bb header_line_height=\u00bb1.4em\u00bb body_line_height=\u00bb1.8em\u00bb animation=\u00bboff\u00bb hover_enabled=\u00bb0&#8243; locked=\u00bboff\u00bb title_text=\u00bbWhatsApp Image 2021-06-04 at 17.45.49&#8243; sticky_enabled=\u00bb0&#8243;][\/et_pb_blurb][et_pb_blurb image=\u00bbhttps:\/\/neumaticoslowcost.es\/wp-content\/uploads\/2021\/06\/WhatsApp-Image-2021-06-04-at-17.41.55-225&#215;300.jpeg\u00bb content_max_width=\u00bb100%\u00bb _builder_version=\u00bb4.6.6&#8243; header_font=\u00bbKanit|700|||||||\u00bb header_font_size=\u00bb24px\u00bb header_line_height=\u00bb1.4em\u00bb body_line_height=\u00bb1.8em\u00bb animation=\u00bboff\u00bb hover_enabled=\u00bb0&#8243; locked=\u00bboff\u00bb title_text=\u00bbWhatsApp Image 2021-06-04 at 17.41.55&#8243; sticky_enabled=\u00bb0&#8243;][\/et_pb_blurb][\/et_pb_column][\/et_pb_row][et_pb_row _builder_version=\u00bb4.3.1&#8243;][et_pb_column type=\u00bb4_4&#8243; _builder_version=\u00bb4.3.1&#8243;][et_pb_button button_text=\u00bbLLAMAR\u00bb button_alignment=\u00bbcenter\u00bb _builder_version=\u00bb4.6.6&#8243; custom_button=\u00bbon\u00bb button_bg_color=\u00bb#1700bd\u00bb button_border_color=\u00bbrgba(0,0,0,0)\u00bb button_border_radius=\u00bb0px\u00bb button_font=\u00bbKanit|700|||||||\u00bb button_icon=\u00bb%%3%%\u00bb background_layout=\u00bbdark\u00bb custom_padding=\u00bb15px|40px|15px|40px|true|true\u00bb hover_enabled=\u00bb0&#8243; locked=\u00bboff\u00bb button_url=\u00bbtel:981533848&#8243; sticky_enabled=\u00bb0&#8243;][\/et_pb_button][\/et_pb_column][\/et_pb_row][\/et_pb_section][et_pb_section fb_built=\u00bb1&#8243; admin_label=\u00bbContact\u00bb _builder_version=\u00bb4.3.2&#8243; use_background_color_gradient=\u00bbon\u00bb background_color_gradient_start=\u00bb#000000&#8243; background_color_gradient_end=\u00bb#1700be\u00bb background_image=\u00bbhttps:\/\/neumaticoslowcost.es\/wp-content\/uploads\/2021\/06\/detailing-02.png\u00bb background_size=\u00bbcontain\u00bb background_position=\u00bbtop_center\u00bb custom_padding=\u00bb5vw||5vw||true|false\u00bb][et_pb_row column_structure=\u00bb1_2,1_2&#8243; _builder_version=\u00bb4.3.2&#8243;][et_pb_column type=\u00bb1_2&#8243; _builder_version=\u00bb4.3.2&#8243; z_index=\u00bb11&#8243;][et_pb_text _builder_version=\u00bb4.6.6&#8243; header_2_font=\u00bbKanit|700|||||||\u00bb header_2_font_size=\u00bb48px\u00bb header_2_line_height=\u00bb1.2em\u00bb background_layout=\u00bbdark\u00bb hover_enabled=\u00bb0&#8243; header_2_font_size_tablet=\u00bb\u00bb header_2_font_size_phone=\u00bb30px\u00bb header_2_font_size_last_edited=\u00bbon|desktop\u00bb text_text_shadow_style=\u00bbpreset3&#8243; locked=\u00bboff\u00bb sticky_enabled=\u00bb0&#8243;]<\/p>\n<h2>GARANTIZAMOS LA SATISFACCI\u00d3N 100% de nuestros servicios, a nuestros clientes<\/h2>\n<p>[\/et_pb_text][\/et_pb_column][et_pb_column type=\u00bb1_2&#8243; _builder_version=\u00bb4.3.1&#8243;][et_pb_image src=\u00bbhttps:\/\/neumaticoslowcost.es\/wp-content\/uploads\/2021\/06\/detailing-19.png\u00bb align=\u00bbright\u00bb _builder_version=\u00bb4.3.2&#8243; custom_margin=\u00bb|-10vw|||false|false\u00bb scroll_vertical_motion_enable=\u00bbon\u00bb scroll_vertical_motion=\u00bb0|50|50|100|2|0|-2&#8243; scroll_horizontal_motion_enable=\u00bbon\u00bb scroll_horizontal_motion=\u00bb0|0|0|100|0|0|-2&#8243; scroll_horizontal_motion_tablet=\u00bb0|0|0|100|0|0|0&#8243; scroll_horizontal_motion_phone=\u00bb\u00bb scroll_horizontal_motion_last_edited=\u00bbon|tablet\u00bb][\/et_pb_image][\/et_pb_column][\/et_pb_row][et_pb_row _builder_version=\u00bb4.3.1&#8243;][et_pb_column type=\u00bb4_4&#8243; _builder_version=\u00bb4.3.1&#8243;][et_pb_text _builder_version=\u00bb4.6.6&#8243; header_2_font=\u00bbKanit|700|||||||\u00bb header_2_text_align=\u00bbcenter\u00bb header_2_font_size=\u00bb48px\u00bb header_2_line_height=\u00bb1.2em\u00bb background_layout=\u00bbdark\u00bb max_width=\u00bb700px\u00bb module_alignment=\u00bbcenter\u00bb hover_enabled=\u00bb0&#8243; header_2_font_size_tablet=\u00bb\u00bb header_2_font_size_phone=\u00bb30px\u00bb header_2_font_size_last_edited=\u00bbon|tablet\u00bb locked=\u00bboff\u00bb sticky_enabled=\u00bb0&#8243;]<\/p>\n<h2>CONTACTANOS<\/h2>\n<p>[\/et_pb_text][et_pb_contact_form captcha=\u00bboff\u00bb submit_button_text=\u00bbEnviar\u00bb module_id=\u00bbet_pb_contact_form_0&#8243; _builder_version=\u00bb4.6.6&#8243; form_field_background_color=\u00bbrgba(255,255,255,0.04)\u00bb form_field_text_color=\u00bb#ffffff\u00bb custom_button=\u00bbon\u00bb button_text_size=\u00bb18px\u00bb button_text_color=\u00bb#1700be\u00bb button_bg_color=\u00bb#ffffff\u00bb button_border_width=\u00bb8px\u00bb button_border_color=\u00bbrgba(0,0,0,0)\u00bb button_border_radius=\u00bb0px\u00bb button_font=\u00bbKanit|700|||||||\u00bb button_icon=\u00bb%%3%%\u00bb button_custom_padding=\u00bb||||false|false\u00bb max_width=\u00bb700px\u00bb module_alignment=\u00bbcenter\u00bb hover_enabled=\u00bb0&#8243; border_width_all=\u00bb1px\u00bb border_color_all=\u00bbrgba(255,255,255,0.5)\u00bb locked=\u00bboff\u00bb sticky_enabled=\u00bb0&#8243; email=\u00bbneumaticos.low.cost.galicia@gmail.com\u00bb success_message=\u00bbEnviado! Pronto recibir\u00e1s tu respuesta!\u00bb][et_pb_contact_field field_id=\u00bbNombre\u00bb field_title=\u00bbNombre\u00bb _builder_version=\u00bb4.6.6&#8243; hover_enabled=\u00bb0&#8243; button_text_size__hover_enabled=\u00bboff\u00bb button_one_text_size__hover_enabled=\u00bboff\u00bb button_two_text_size__hover_enabled=\u00bboff\u00bb button_text_color__hover_enabled=\u00bboff\u00bb button_one_text_color__hover_enabled=\u00bboff\u00bb button_two_text_color__hover_enabled=\u00bboff\u00bb button_border_width__hover_enabled=\u00bboff\u00bb button_one_border_width__hover_enabled=\u00bboff\u00bb button_two_border_width__hover_enabled=\u00bboff\u00bb button_border_color__hover_enabled=\u00bboff\u00bb button_one_border_color__hover_enabled=\u00bboff\u00bb button_two_border_color__hover_enabled=\u00bboff\u00bb button_border_radius__hover_enabled=\u00bboff\u00bb button_one_border_radius__hover_enabled=\u00bboff\u00bb button_two_border_radius__hover_enabled=\u00bboff\u00bb button_letter_spacing__hover_enabled=\u00bboff\u00bb button_one_letter_spacing__hover_enabled=\u00bboff\u00bb button_two_letter_spacing__hover_enabled=\u00bboff\u00bb button_bg_color__hover_enabled=\u00bboff\u00bb button_one_bg_color__hover_enabled=\u00bboff\u00bb button_two_bg_color__hover_enabled=\u00bboff\u00bb sticky_enabled=\u00bb0&#8243;][\/et_pb_contact_field][et_pb_contact_field field_id=\u00bbCorreo_Electr\u00f3nico\u00bb field_title=\u00bbCorreo Electr\u00f3nico\u00bb field_type=\u00bbemail\u00bb _builder_version=\u00bb4.6.6&#8243; hover_enabled=\u00bb0&#8243; button_text_size__hover_enabled=\u00bboff\u00bb button_one_text_size__hover_enabled=\u00bboff\u00bb button_two_text_size__hover_enabled=\u00bboff\u00bb button_text_color__hover_enabled=\u00bboff\u00bb button_one_text_color__hover_enabled=\u00bboff\u00bb button_two_text_color__hover_enabled=\u00bboff\u00bb button_border_width__hover_enabled=\u00bboff\u00bb button_one_border_width__hover_enabled=\u00bboff\u00bb button_two_border_width__hover_enabled=\u00bboff\u00bb button_border_color__hover_enabled=\u00bboff\u00bb button_one_border_color__hover_enabled=\u00bboff\u00bb button_two_border_color__hover_enabled=\u00bboff\u00bb button_border_radius__hover_enabled=\u00bboff\u00bb button_one_border_radius__hover_enabled=\u00bboff\u00bb button_two_border_radius__hover_enabled=\u00bboff\u00bb button_letter_spacing__hover_enabled=\u00bboff\u00bb button_one_letter_spacing__hover_enabled=\u00bboff\u00bb button_two_letter_spacing__hover_enabled=\u00bboff\u00bb button_bg_color__hover_enabled=\u00bboff\u00bb button_one_bg_color__hover_enabled=\u00bboff\u00bb button_two_bg_color__hover_enabled=\u00bboff\u00bb sticky_enabled=\u00bb0&#8243;][\/et_pb_contact_field][et_pb_contact_field field_id=\u00bbMensaje\u00bb field_title=\u00bbMensaje\u00bb field_type=\u00bbtext\u00bb fullwidth_field=\u00bbon\u00bb _builder_version=\u00bb4.6.6&#8243; hover_enabled=\u00bb0&#8243; button_text_size__hover_enabled=\u00bboff\u00bb button_one_text_size__hover_enabled=\u00bboff\u00bb button_two_text_size__hover_enabled=\u00bboff\u00bb button_text_color__hover_enabled=\u00bboff\u00bb button_one_text_color__hover_enabled=\u00bboff\u00bb button_two_text_color__hover_enabled=\u00bboff\u00bb button_border_width__hover_enabled=\u00bboff\u00bb button_one_border_width__hover_enabled=\u00bboff\u00bb button_two_border_width__hover_enabled=\u00bboff\u00bb button_border_color__hover_enabled=\u00bboff\u00bb button_one_border_color__hover_enabled=\u00bboff\u00bb button_two_border_color__hover_enabled=\u00bboff\u00bb button_border_radius__hover_enabled=\u00bboff\u00bb button_one_border_radius__hover_enabled=\u00bboff\u00bb button_two_border_radius__hover_enabled=\u00bboff\u00bb button_letter_spacing__hover_enabled=\u00bboff\u00bb button_one_letter_spacing__hover_enabled=\u00bboff\u00bb button_two_letter_spacing__hover_enabled=\u00bboff\u00bb button_bg_color__hover_enabled=\u00bboff\u00bb button_one_bg_color__hover_enabled=\u00bboff\u00bb button_two_bg_color__hover_enabled=\u00bboff\u00bb sticky_enabled=\u00bb0&#8243;][\/et_pb_contact_field][\/et_pb_contact_form][\/et_pb_column][\/et_pb_row][\/et_pb_section][et_pb_section fb_built=\u00bb1&#8243; custom_padding_last_edited=\u00bbon|phone\u00bb admin_label=\u00bbFooter\u00bb _builder_version=\u00bb4.3.2&#8243; use_background_color_gradient=\u00bbon\u00bb background_color_gradient_start=\u00bb#000000&#8243; background_color_gradient_end=\u00bb#1700be\u00bb custom_margin=\u00bb180px||||false|false\u00bb custom_margin_tablet=\u00bb\u00bb custom_margin_phone=\u00bb0px||||false|false\u00bb custom_margin_last_edited=\u00bbon|phone\u00bb custom_padding=\u00bb1px||0px||false|false\u00bb custom_padding_tablet=\u00bb\u00bb custom_padding_phone=\u00bb48px||48px||true|false\u00bb saved_tabs=\u00bball\u00bb locked=\u00bboff\u00bb][et_pb_row column_structure=\u00bb1_4,1_4,1_2&#8243; custom_padding_last_edited=\u00bbon|phone\u00bb _builder_version=\u00bb4.3.2&#8243; use_background_color_gradient=\u00bbon\u00bb background_color_gradient_start=\u00bbrgba(23,0,190,0)\u00bb background_color_gradient_end=\u00bb#1700be\u00bb background_color_gradient_direction=\u00bb135deg\u00bb background_color_gradient_start_position=\u00bb36%\u00bb background_color_gradient_end_position=\u00bb0%\u00bb background_enable_image=\u00bboff\u00bb custom_margin=\u00bb-80px||||false|false\u00bb custom_margin_tablet=\u00bb\u00bb custom_margin_phone=\u00bb0px||||false|false\u00bb custom_margin_last_edited=\u00bbon|phone\u00bb custom_padding=\u00bb160px||50px||false|false\u00bb custom_padding_tablet=\u00bb||||false|false\u00bb custom_padding_phone=\u00bb0px||||false|false\u00bb background_last_edited=\u00bbon|phone\u00bb use_background_color_gradient_phone=\u00bboff\u00bb box_shadow_style=\u00bbpreset4&#8243; box_shadow_horizontal=\u00bb30vw\u00bb box_shadow_vertical=\u00bb0px\u00bb box_shadow_color=\u00bb#1700be\u00bb box_shadow_horizontal_tablet=\u00bb\u00bb box_shadow_horizontal_phone=\u00bb0vw\u00bb box_shadow_horizontal_last_edited=\u00bbon|phone\u00bb][et_pb_column type=\u00bb1_4&#8243; _builder_version=\u00bb4.2.2&#8243;][et_pb_text _builder_version=\u00bb4.6.6&#8243; header_3_font=\u00bbKanit|700|||||||\u00bb header_3_font_size=\u00bb24px\u00bb header_3_line_height=\u00bb1.4em\u00bb background_layout=\u00bbdark\u00bb]<\/p>\n<h3>Direcci\u00f3n<\/h3>\n<p>[\/et_pb_text][et_pb_blurb use_icon=\u00bbon\u00bb font_icon=\u00bb%%249%%\u00bb icon_color=\u00bb#ffffff\u00bb icon_placement=\u00bbleft\u00bb content_max_width=\u00bb100%\u00bb use_icon_font_size=\u00bbon\u00bb icon_font_size=\u00bb16px\u00bb _builder_version=\u00bb4.6.6&#8243; body_line_height=\u00bb1.2em\u00bb background_layout=\u00bbdark\u00bb animation=\u00bboff\u00bb]<\/p>\n<p>C\/Palmeiras 56 (abajo de todo), la ultima nave.<\/p>\n<p>Poligono Novo Milladoiro<br \/> 15895 Ames<\/p>\n<p>[\/et_pb_blurb][et_pb_blurb use_icon=\u00bbon\u00bb font_icon=\u00bb%%264%%\u00bb icon_color=\u00bb#ffffff\u00bb icon_placement=\u00bbleft\u00bb content_max_width=\u00bb100%\u00bb use_icon_font_size=\u00bbon\u00bb icon_font_size=\u00bb16px\u00bb _builder_version=\u00bb4.6.6&#8243; body_line_height=\u00bb1.2em\u00bb background_layout=\u00bbdark\u00bb animation=\u00bboff\u00bb link_option_url=\u00bb#\u00bb]<\/p>\n<p>+34\u00a0<span>981 533 848<\/span><\/p>\n<p>[\/et_pb_blurb][et_pb_blurb use_icon=\u00bbon\u00bb font_icon=\u00bb%%238%%\u00bb icon_color=\u00bb#ffffff\u00bb icon_placement=\u00bbleft\u00bb content_max_width=\u00bb100%\u00bb use_icon_font_size=\u00bbon\u00bb icon_font_size=\u00bb16px\u00bb _builder_version=\u00bb4.6.6&#8243; body_line_height=\u00bb1.2em\u00bb background_layout=\u00bbdark\u00bb animation=\u00bboff\u00bb link_option_url=\u00bb#\u00bb]<\/p>\n<p><span>neumaticos.low.cost.galicia@gmail.com \u00a0<\/span><\/p>\n<p>[\/et_pb_blurb][\/et_pb_column][et_pb_column type=\u00bb1_4&#8243; _builder_version=\u00bb4.2.2&#8243;][et_pb_button button_url=\u00bbhttps:\/\/goo.gl\/maps\/3aNc9cM7Hh1DvDLk7&#8243; button_text=\u00bbCOMO LLEGAR\u00bb _builder_version=\u00bb4.6.6&#8243; _module_preset=\u00bbdefault\u00bb custom_button=\u00bbon\u00bb button_text_color=\u00bb#ffffff\u00bb button_font=\u00bb|600|||||||\u00bb][\/et_pb_button][\/et_pb_column][et_pb_column type=\u00bb1_2&#8243; _builder_version=\u00bb4.3.2&#8243;][et_pb_code _builder_version=\u00bb4.6.6&#8243; _module_preset=\u00bbdefault\u00bb]<iframe src=\"https:\/\/www.google.com\/maps\/embed?pb=!1m18!1m12!1m3!1d2311.3114763635635!2d-8.585202105604669!3d42.85290579751072!2m3!1f0!2f0!3f0!3m2!1i1024!2i768!4f13.1!3m3!1m2!1s0xd2efdf7b95c8fb3%3A0x8a671c0d9586619f!2sNEUMATICOS%20LOW%20COST%20GALICIA%20SL!5e0!3m2!1ses!2ses!4v1622759600722!5m2!1ses!2ses\" width=\"600\" height=\"350\" style=\"border:0;\" allowfullscreen=\"\" loading=\"lazy\"><\/iframe>[\/et_pb_code][\/et_pb_column][\/et_pb_row][\/et_pb_section]<\/p>\n","protected":false},"excerpt":{"rendered":"<p>Saber m\u00e1s de nosotros Disponemos de neum\u00e1ticos de ocasi\u00f3n de primeras marcas, todos revisados y de primera calidad a unos precios incre\u00edbles. Estos neum\u00e1ticos provienen mayoritariamente del mercado del norte de Europa, donde es muy com\u00fan sustituir los neum\u00e1ticos dependiendo de la \u00e9poca del a\u00f1o (Invierno-Verano), ya que en muchos de estos pa\u00edses es\u00a0 obligatorio [&hellip;]<\/p>\n","protected":false},"author":1,"featured_media":0,"parent":0,"menu_order":0,"comment_status":"closed","ping_status":"closed","template":"","meta":{"_et_pb_use_builder":"on","_et_pb_old_content":"","_et_gb_content_width":"","footnotes":"","_joinchat":[]},"aioseo_notices":[],"_links":{"self":[{"href":"https:\/\/neumaticoslowcost.es\/index.php\/wp-json\/wp\/v2\/pages\/107"}],"collection":[{"href":"https:\/\/neumaticoslowcost.es\/index.php\/wp-json\/wp\/v2\/pages"}],"about":[{"href":"https:\/\/neumaticoslowcost.es\/index.php\/wp-json\/wp\/v2\/types\/page"}],"author":[{"embeddable":true,"href":"https:\/\/neumaticoslowcost.es\/index.php\/wp-json\/wp\/v2\/users\/1"}],"replies":[{"embeddable":true,"href":"https:\/\/neumaticoslowcost.es\/index.php\/wp-json\/wp\/v2\/comments?post=107"}],"version-history":[{"count":13,"href":"https:\/\/neumaticoslowcost.es\/index.php\/wp-json\/wp\/v2\/pages\/107\/revisions"}],"predecessor-version":[{"id":153,"href":"https:\/\/neumaticoslowcost.es\/index.php\/wp-json\/wp\/v2\/pages\/107\/revisions\/153"}],"wp:attachment":[{"href":"https:\/\/neumaticoslowcost.es\/index.php\/wp-json\/wp\/v2\/media?parent=107"}],"curies":[{"name":"wp","href":"https:\/\/api.w.org\/{rel}","templated":true}]}}