{"id":67,"date":"2021-06-03T23:36:15","date_gmt":"2021-06-03T23:36:15","guid":{"rendered":"https:\/\/neumaticoslowcost.es\/?page_id=67"},"modified":"2021-06-04T19:34:04","modified_gmt":"2021-06-04T19:34:04","slug":"servicios","status":"publish","type":"page","link":"https:\/\/neumaticoslowcost.es\/index.php\/servicios\/","title":{"rendered":"Servicios"},"content":{"rendered":"<p>[et_pb_section fb_built=\u00bb1&#8243; admin_label=\u00bbHeader\u00bb _builder_version=\u00bb4.3.2&#8243; use_background_color_gradient=\u00bbon\u00bb background_color_gradient_start=\u00bbrgba(23,0,190,0.3)\u00bb background_color_gradient_end=\u00bb#1700be\u00bb background_color_gradient_overlays_image=\u00bbon\u00bb background_image=\u00bbhttps:\/\/neumaticoslowcost.es\/wp-content\/uploads\/2021\/06\/detailing-13.jpg\u00bb][et_pb_row _builder_version=\u00bb4.3.2&#8243;][et_pb_column type=\u00bb4_4&#8243; _builder_version=\u00bb4.3.1&#8243;][et_pb_text _builder_version=\u00bb4.6.6&#8243; text_font_size=\u00bb16px\u00bb text_line_height=\u00bb1.8em\u00bb header_font=\u00bbKanit|700|||||||\u00bb header_font_size=\u00bb60px\u00bb header_line_height=\u00bb1.2em\u00bb background_layout=\u00bbdark\u00bb max_width=\u00bb550px\u00bb header_font_size_tablet=\u00bb\u00bb header_font_size_phone=\u00bb42px\u00bb header_font_size_last_edited=\u00bbon|phone\u00bb locked=\u00bboff\u00bb]<\/p>\n<h1>SERVICIOS<\/h1>\n<p>[\/et_pb_text][\/et_pb_column][\/et_pb_row][\/et_pb_section][et_pb_section fb_built=\u00bb1&#8243; admin_label=\u00bbAbout\u00bb _builder_version=\u00bb4.3.2&#8243; background_enable_color=\u00bboff\u00bb use_background_color_gradient=\u00bbon\u00bb background_color_gradient_start=\u00bb#1700be\u00bb background_color_gradient_end=\u00bb#ffffff\u00bb background_color_gradient_direction=\u00bb-135deg\u00bb background_color_gradient_start_position=\u00bb16%\u00bb background_color_gradient_end_position=\u00bb0%\u00bb background_color_gradient_overlays_image=\u00bbon\u00bb background_enable_image=\u00bboff\u00bb background_last_edited=\u00bbon|tablet\u00bb use_background_color_gradient_tablet=\u00bboff\u00bb][et_pb_row _builder_version=\u00bb4.3.2&#8243; locked=\u00bboff\u00bb][et_pb_column type=\u00bb4_4&#8243; _builder_version=\u00bb4.3.2&#8243; custom_padding_tablet=\u00bb|||10vw|false|false\u00bb custom_padding_last_edited=\u00bboff|desktop\u00bb][et_pb_text _builder_version=\u00bb4.6.6&#8243; text_font_size=\u00bb16px\u00bb text_line_height=\u00bb1.8em\u00bb max_width=\u00bb700px\u00bb custom_padding=\u00bb||||false|false\u00bb locked=\u00bboff\u00bb]<\/p>\n<div class=\"n module-type-header diyfeLiveArea \">\n<h2><span class=\"diyfeDecoration\">Aceptaci\u00f3n de encargos durante las 24 horas del d\u00eda<\/span><\/h2>\n<\/div>\n<div class=\"n module-type-textWithImage diyfeLiveArea \">\n<div class=\"clearover \" id=\"textWithImage-5778424598\">\n<div class=\"align-container imgright\"><a class=\"imagewrapper\" href=\"https:\/\/www.neumaticoslowcost.es\/s\/cc_images\/cache_2410817913.jpg?t=1319108735\" rel=\"lightbox[5778424598]\"><img decoding=\"async\" src=\"https:\/\/www.neumaticoslowcost.es\/s\/cc_images\/cache_2410817913.jpg?t=1319108735\" id=\"image_5778424598\" alt=\"\" \/><\/a><\/div>\n<div class=\"textwrapper\">\n<p>\u00bfSu veh\u00edculo necesita una revisi\u00f3n o reparaci\u00f3n, pero no puede tra\u00e9rnoslo durante nuestro horario habitual?<\/p>\n<p>&nbsp;<\/p>\n<p>En\u00a0neumaticos low cost galicia esto no supone ning\u00fan problema: aparque su autom\u00f3vil\u00a0delante del taller fuera de nuestros horarios seg\u00fan una cita acordada previamente. Para entregarnos la llave del veh\u00edculo, basta dejarla dentro\u00a0del buz\u00f3n previsto para tal fin,\u00a0utilizando uno de los sobres puestos a su disposici\u00f3n.<\/p>\n<\/div>\n<\/div>\n<\/div>\n<p>[\/et_pb_text][\/et_pb_column][\/et_pb_row][\/et_pb_section][et_pb_section fb_built=\u00bb1&#8243; custom_padding_last_edited=\u00bboff|tablet\u00bb next_background_color=\u00bb#ffffff\u00bb admin_label=\u00bbVideo\u00bb _builder_version=\u00bb4.3.2&#8243; use_background_color_gradient=\u00bbon\u00bb background_color_gradient_start=\u00bb#000000&#8243; background_color_gradient_end=\u00bb#1700be\u00bb background_enable_image=\u00bboff\u00bb background_size=\u00bbinitial\u00bb background_position=\u00bbtop_left\u00bb custom_margin=\u00bb||||false|false\u00bb custom_padding=\u00bb0vw||32vw||false|false\u00bb custom_padding_tablet=\u00bb||||false|false\u00bb bottom_divider_style=\u00bbslant\u00bb bottom_divider_height=\u00bb80vw\u00bb bottom_divider_flip=\u00bbhorizontal\u00bb bottom_divider_height_tablet=\u00bb0px\u00bb bottom_divider_height_last_edited=\u00bboff|tablet\u00bb background_last_edited=\u00bbon|desktop\u00bb background_enable_image_tablet=\u00bboff\u00bb box_shadow_horizontal_tablet=\u00bb0vw\u00bb box_shadow_horizontal_phone=\u00bb\u00bb box_shadow_horizontal_last_edited=\u00bbon|tablet\u00bb][et_pb_row column_structure=\u00bb3_5,2_5&#8243; _builder_version=\u00bb4.3.2&#8243; custom_padding=\u00bb0px||0px||true|\u00bb box_shadow_style=\u00bbpreset4&#8243; box_shadow_horizontal=\u00bb30vw\u00bb box_shadow_vertical=\u00bb0px\u00bb box_shadow_color=\u00bb#ffffff\u00bb box_shadow_horizontal_tablet=\u00bb0vw\u00bb box_shadow_horizontal_phone=\u00bb\u00bb box_shadow_horizontal_last_edited=\u00bbon|tablet\u00bb][et_pb_column type=\u00bb3_5&#8243; _builder_version=\u00bb4.3.1&#8243;][et_pb_image src=\u00bbhttps:\/\/neumaticoslowcost.es\/wp-content\/uploads\/2021\/06\/neumaticos2-300&#215;200.png\u00bb title_text=\u00bbneumaticos2&#8243; _builder_version=\u00bb4.6.6&#8243; _module_preset=\u00bbdefault\u00bb][\/et_pb_image][\/et_pb_column][et_pb_column type=\u00bb2_5&#8243; _builder_version=\u00bb4.3.2&#8243; background_color=\u00bb#ffffff\u00bb transform_translate=\u00bb1px|0px\u00bb transform_translate_linked=\u00bboff\u00bb custom_padding=\u00bb100px||100px||true|false\u00bb custom_padding_tablet=\u00bb40px||40px||true|false\u00bb custom_padding_phone=\u00bb\u00bb custom_padding_last_edited=\u00bbon|phone\u00bb background_last_edited=\u00bbon|tablet\u00bb background_enable_color_tablet=\u00bboff\u00bb][et_pb_image src=\u00bbhttps:\/\/neumaticoslowcost.es\/wp-content\/uploads\/2021\/06\/neumaticos_1920x12801-300&#215;200.png\u00bb title_text=\u00bbneumaticos_1920x12801&#8243; _builder_version=\u00bb4.6.6&#8243; _module_preset=\u00bbdefault\u00bb][\/et_pb_image][\/et_pb_column][\/et_pb_row][et_pb_row column_structure=\u00bb3_5,2_5&#8243; _builder_version=\u00bb4.3.2&#8243; custom_padding=\u00bb0px||0px||true|\u00bb box_shadow_style=\u00bbpreset4&#8243; box_shadow_horizontal=\u00bb30vw\u00bb box_shadow_vertical=\u00bb0px\u00bb box_shadow_color=\u00bb#ffffff\u00bb box_shadow_horizontal_tablet=\u00bb0vw\u00bb box_shadow_horizontal_phone=\u00bb\u00bb box_shadow_horizontal_last_edited=\u00bbon|tablet\u00bb][et_pb_column type=\u00bb3_5&#8243; _builder_version=\u00bb4.3.1&#8243;][et_pb_text _builder_version=\u00bb4.6.6&#8243; header_2_font=\u00bbKanit|700|||||||\u00bb header_2_font_size=\u00bb48px\u00bb header_2_line_height=\u00bb1.2em\u00bb background_layout=\u00bbdark\u00bb max_width=\u00bb500px\u00bb header_2_font_size_tablet=\u00bb\u00bb header_2_font_size_phone=\u00bb30px\u00bb header_2_font_size_last_edited=\u00bbon|phone\u00bb locked=\u00bboff\u00bb]<\/p>\n<h2>M\u00c1S SERVICIOS<\/h2>\n<p>[\/et_pb_text][et_pb_text _builder_version=\u00bb4.6.6&#8243; text_font_size=\u00bb16px\u00bb text_line_height=\u00bb1.8em\u00bb background_layout=\u00bbdark\u00bb max_width=\u00bb500px\u00bb custom_padding=\u00bb||||false|false\u00bb hover_enabled=\u00bb0&#8243; locked=\u00bboff\u00bb sticky_enabled=\u00bb0&#8243;]<\/p>\n<div class=\"n module-type-header diyfeLiveArea \">\n<h2><span class=\"diyfeDecoration\">Servicio de neum\u00e1ticos y puesta a punto para el invierno<\/span><\/h2>\n<\/div>\n<div class=\"n module-type-text diyfeLiveArea \">\n<p>Con la llegada de\u00a0la \u00e9poca m\u00e1s fr\u00eda del a\u00f1o, le ofrecemos un servicio especial de neum\u00e1ticos y puesta a punto para el invierno. De este modo, podr\u00e1\u00a0preparar\u00a0su autom\u00f3vil para\u00a0la nieve y el hielo. Completamos nuestra gama de servicios con la oferta de neum\u00e1ticos a los mejores precios del mercado.<\/p>\n<p>\u00a0<strong>Nuestra prestaci\u00f3n incluye la revisi\u00f3n de:<\/strong><\/p>\n<ul>\n<li>Sistemas de escape<\/li>\n<li>Bater\u00edas<\/li>\n<li>Dispositivos de alarma, sistemas de luces e intermitentes<\/li>\n<li>Equipos de frenado,\u00a0pastillas\u00a0y l\u00edquido de freno<\/li>\n<li>Estado de los neum\u00e1ticos, ruedas de repuesto incluidas<\/li>\n<li>Presi\u00f3n de los neum\u00e1ticos<\/li>\n<li>Nivel de aceite<\/li>\n<li>Limpiaparabrisas,\u00a0l\u00edquido\u00a0limpiaparabrisas\u00a0con anticongelante incluido<\/li>\n<li>Cierres autom\u00e1ticos\u00a0y cilindros de cierre<\/li>\n<\/ul>\n<p>\u00a0Si lo desea, tambi\u00e9n podemos colocarle\u00a0los neum\u00e1ticos de invierno\u00a0de un fabricante l\u00edder en el mercado. Nosotros nos encargamos del cambio de ruedas y, en caso\u00a0de ser\u00a0necesario, tambi\u00e9n conservamos sus ruedas de verano.<\/p>\n<p>\u00a0\u00bfEst\u00e1 interesado en nuestra inspecci\u00f3n de invierno?\u00a0De ser as\u00ed, no dude en\u00a0ponerse en<span>\u00a0<\/span><a href=\"https:\/\/www.neumaticoslowcost.es\/contacto\/\">contacto<\/a><span>\u00a0<\/span>nosotros para concertar una cita.<\/p>\n<\/div>\n<p>[\/et_pb_text][\/et_pb_column][et_pb_column type=\u00bb2_5&#8243; _builder_version=\u00bb4.3.2&#8243; background_color=\u00bb#ffffff\u00bb custom_padding=\u00bb40px|20px|40px|20px|true|true\u00bb][et_pb_number_counter title=\u00bbClientes Satisfechos\u00bb number=\u00bb100&#8243; _builder_version=\u00bb4.6.6&#8243; title_font=\u00bbKanit|700|||||||\u00bb title_font_size=\u00bb24px\u00bb title_line_height=\u00bb1.2em\u00bb number_font=\u00bbKanit|700|||||||\u00bb number_text_color=\u00bb#1700bd\u00bb number_font_size=\u00bb48px\u00bb number_line_height=\u00bb120px\u00bb number_text_color_tablet=\u00bb#ffffff\u00bb number_text_color_last_edited=\u00bboff|tablet\u00bb background_layout_tablet=\u00bbdark\u00bb background_layout_last_edited=\u00bboff|desktop\u00bb][\/et_pb_number_counter][et_pb_number_counter title=\u00bbServicio Clientes\u00bb number=\u00bb24\/7&#8243; percent_sign=\u00bboff\u00bb _builder_version=\u00bb4.6.6&#8243; title_font=\u00bbKanit|700|||||||\u00bb title_font_size=\u00bb24px\u00bb title_line_height=\u00bb1.2em\u00bb number_font=\u00bbKanit|700|||||||\u00bb number_text_color=\u00bb#1700bd\u00bb number_font_size=\u00bb48px\u00bb number_line_height=\u00bb120px\u00bb][\/et_pb_number_counter][et_pb_number_counter title=\u00bbTrabajos Realizados\u00bb number=\u00bb1000+\u00bb percent_sign=\u00bboff\u00bb _builder_version=\u00bb4.6.6&#8243; title_font=\u00bbKanit|700|||||||\u00bb title_font_size=\u00bb24px\u00bb title_line_height=\u00bb1.2em\u00bb number_font=\u00bbKanit|700|||||||\u00bb number_text_color=\u00bb#1700bd\u00bb number_font_size=\u00bb48px\u00bb number_line_height=\u00bb120px\u00bb][\/et_pb_number_counter][\/et_pb_column][\/et_pb_row][\/et_pb_section][et_pb_section fb_built=\u00bb1&#8243; custom_padding_last_edited=\u00bbon|tablet\u00bb admin_label=\u00bbVision\u00bb _builder_version=\u00bb4.3.2&#8243; background_color_gradient_direction=\u00bb135deg\u00bb background_enable_image=\u00bboff\u00bb background_position=\u00bbtop_left\u00bb custom_padding=\u00bb||0px|||\u00bb custom_padding_tablet=\u00bb||||false|false\u00bb custom_padding_phone=\u00bb\u00bb locked=\u00bboff\u00bb][et_pb_row column_structure=\u00bb1_2,1_2&#8243; _builder_version=\u00bb4.3.2&#8243; max_width=\u00bbnone\u00bb custom_margin=\u00bb-16vw|auto||auto|false|false\u00bb custom_padding=\u00bb0px||0px|||\u00bb][et_pb_column type=\u00bb1_2&#8243; _builder_version=\u00bb4.2.2&#8243;][et_pb_image src=\u00bbhttps:\/\/neumaticoslowcost.es\/wp-content\/uploads\/2021\/06\/detailing-14.png\u00bb _builder_version=\u00bb4.3.2&#8243; custom_margin=\u00bb-14vw|||-10vw|false|false\u00bb custom_margin_tablet=\u00bb0vw|||-10vw|false|false\u00bb custom_margin_phone=\u00bb\u00bb custom_margin_last_edited=\u00bbon|tablet\u00bb scroll_vertical_motion_enable=\u00bbon\u00bb scroll_vertical_motion=\u00bb0|50|50|100|1|0|-1&#8243; scroll_horizontal_motion_enable=\u00bbon\u00bb scroll_horizontal_motion=\u00bb0|0|0|100|0|0|-1&#8243; scroll_scaling_enable=\u00bbon\u00bb scroll_scaling=\u00bb0|0|0|100|100%|100|90%\u00bb][\/et_pb_image][et_pb_image src=\u00bbhttps:\/\/neumaticoslowcost.es\/wp-content\/uploads\/2021\/06\/detailing-15.png\u00bb _builder_version=\u00bb4.3.2&#8243; transform_scale_tablet=\u00bb\u00bb transform_scale_phone=\u00bb\u00bb transform_scale_last_edited=\u00bbon|tablet\u00bb transform_translate=\u00bb130px|0px\u00bb transform_translate_tablet=\u00bb0px|0px\u00bb transform_translate_phone=\u00bb\u00bb transform_translate_last_edited=\u00bbon|tablet\u00bb transform_translate_linked=\u00bboff\u00bb transform_rotate_tablet=\u00bb\u00bb transform_rotate_phone=\u00bb\u00bb transform_rotate_last_edited=\u00bbon|tablet\u00bb transform_skew_tablet=\u00bb\u00bb transform_skew_phone=\u00bb\u00bb transform_skew_last_edited=\u00bbon|tablet\u00bb transform_origin_tablet=\u00bb\u00bb transform_origin_phone=\u00bb\u00bb transform_origin_last_edited=\u00bbon|tablet\u00bb transform_styles_last_edited=\u00bbon|tablet\u00bb custom_margin=\u00bb-350px||||false|false\u00bb custom_margin_tablet=\u00bb0vw||||false|false\u00bb custom_margin_last_edited=\u00bboff|desktop\u00bb scroll_vertical_motion_enable=\u00bbon\u00bb scroll_vertical_motion=\u00bb0|50|50|100|2|0|-2&#8243; scroll_horizontal_motion_enable=\u00bbon\u00bb scroll_horizontal_motion=\u00bb0|0|0|100|0|0|2&#8243; scroll_scaling_enable=\u00bbon\u00bb scroll_scaling=\u00bb0|50|50|100|90%|100|110%\u00bb transform_styles_tablet=\u00bb\u00bb transform_styles_phone=\u00bb\u00bb scroll_vertical_motion_tablet=\u00bb0|50|50|100|0|0|-1&#8243; scroll_vertical_motion_phone=\u00bb\u00bb scroll_vertical_motion_last_edited=\u00bbon|tablet\u00bb scroll_horizontal_motion_tablet=\u00bb0|0|0|100|0|0|0&#8243; scroll_horizontal_motion_phone=\u00bb\u00bb scroll_horizontal_motion_last_edited=\u00bbon|tablet\u00bb scroll_scaling_tablet=\u00bb0|50|50|100|90%|100|100%\u00bb scroll_scaling_phone=\u00bb\u00bb scroll_scaling_last_edited=\u00bbon|tablet\u00bb locked=\u00bboff\u00bb][\/et_pb_image][\/et_pb_column][et_pb_column type=\u00bb1_2&#8243; _builder_version=\u00bb4.3.2&#8243;][et_pb_text _builder_version=\u00bb4.6.6&#8243; header_2_font=\u00bbKanit|700|||||||\u00bb header_2_font_size=\u00bb48px\u00bb header_2_line_height=\u00bb1.2em\u00bb max_width=\u00bb500px\u00bb header_2_font_size_tablet=\u00bb\u00bb header_2_font_size_phone=\u00bb30px\u00bb header_2_font_size_last_edited=\u00bbon|phone\u00bb locked=\u00bboff\u00bb]<\/p>\n<h2>NEUM\u00c1TICOS DE OCASI\u00d3N<\/h2>\n<p>[\/et_pb_text][et_pb_text _builder_version=\u00bb4.6.6&#8243; text_font_size=\u00bb16px\u00bb text_line_height=\u00bb1.8em\u00bb max_width=\u00bb500px\u00bb max_width_tablet=\u00bb100%\u00bb max_width_phone=\u00bb\u00bb max_width_last_edited=\u00bbon|tablet\u00bb custom_padding=\u00bb||||false|false\u00bb]<\/p>\n<p>&nbsp;<\/p>\n<p>Disponemos de neum\u00e1ticos de ocasi\u00f3n de primeras marcas, todos revisados y de primera calidad a unos precios incre\u00edbles.<\/p>\n<p>\u00a0Estos neum\u00e1ticos provienen mayoritariamente del mercado del norte de Europa, donde es muy com\u00fan sustituir los neum\u00e1ticos dependiendo de la \u00e9poca del a\u00f1o (Invierno-Verano), ya que en muchos de estos pa\u00edses es\u00a0 obligatorio montar neum\u00e1ticos de invierno, esto hace que se generen neum\u00e1ticos en muchos casos casi nuevos, que son perfectamente reutilizables.<\/p>\n<p>\u00a0Con todo ello a la vez que tenemos un ahorro muy importante, contribuimos al cuidado de nuestro planeta. Econom\u00eda y respeto al medio ambiente no siempre est\u00e1n re\u00f1idos.<\/p>\n<p>\u00a0Tambi\u00e9n disponemos de neum\u00e1ticos procedentes de veh\u00edculos de renting con muy poco uso.<\/p>\n<p><span class=\"unnamed1\"><strong><br \/><\/strong><strong><br \/><\/strong><\/span><\/p>\n<p>&nbsp;<\/p>\n<p>&nbsp;<\/p>\n<p>[\/et_pb_text][\/et_pb_column][\/et_pb_row][\/et_pb_section][et_pb_section fb_built=\u00bb1&#8243; custom_padding_last_edited=\u00bbon|phone\u00bb admin_label=\u00bbFooter\u00bb _builder_version=\u00bb4.3.2&#8243; use_background_color_gradient=\u00bbon\u00bb background_color_gradient_start=\u00bb#000000&#8243; background_color_gradient_end=\u00bb#1700be\u00bb custom_margin=\u00bb70px||||false|false\u00bb custom_margin_tablet=\u00bb\u00bb custom_margin_phone=\u00bb0px||||false|false\u00bb custom_margin_last_edited=\u00bbon|phone\u00bb custom_padding=\u00bb1px||0px||false|false\u00bb custom_padding_tablet=\u00bb\u00bb custom_padding_phone=\u00bb48px||48px||true|false\u00bb saved_tabs=\u00bball\u00bb locked=\u00bboff\u00bb][et_pb_row column_structure=\u00bb1_4,1_4,1_2&#8243; custom_padding_last_edited=\u00bbon|phone\u00bb _builder_version=\u00bb4.3.2&#8243; use_background_color_gradient=\u00bbon\u00bb background_color_gradient_start=\u00bbrgba(23,0,190,0)\u00bb background_color_gradient_end=\u00bb#1700be\u00bb background_color_gradient_direction=\u00bb135deg\u00bb background_color_gradient_start_position=\u00bb36%\u00bb background_color_gradient_end_position=\u00bb0%\u00bb background_enable_image=\u00bboff\u00bb custom_margin=\u00bb-80px||||false|false\u00bb custom_margin_tablet=\u00bb\u00bb custom_margin_phone=\u00bb0px||||false|false\u00bb custom_margin_last_edited=\u00bbon|phone\u00bb custom_padding=\u00bb160px||50px||false|false\u00bb custom_padding_tablet=\u00bb||||false|false\u00bb custom_padding_phone=\u00bb0px||||false|false\u00bb background_last_edited=\u00bbon|phone\u00bb use_background_color_gradient_phone=\u00bboff\u00bb box_shadow_style=\u00bbpreset4&#8243; box_shadow_horizontal=\u00bb30vw\u00bb box_shadow_vertical=\u00bb0px\u00bb box_shadow_color=\u00bb#1700be\u00bb box_shadow_horizontal_tablet=\u00bb\u00bb box_shadow_horizontal_phone=\u00bb0vw\u00bb box_shadow_horizontal_last_edited=\u00bbon|phone\u00bb][et_pb_column type=\u00bb1_4&#8243; _builder_version=\u00bb4.2.2&#8243;][et_pb_text _builder_version=\u00bb4.6.6&#8243; header_3_font=\u00bbKanit|700|||||||\u00bb header_3_font_size=\u00bb24px\u00bb header_3_line_height=\u00bb1.4em\u00bb background_layout=\u00bbdark\u00bb]<\/p>\n<h3>Direcci\u00f3n<\/h3>\n<p>[\/et_pb_text][et_pb_blurb use_icon=\u00bbon\u00bb font_icon=\u00bb%%249%%\u00bb icon_color=\u00bb#ffffff\u00bb icon_placement=\u00bbleft\u00bb content_max_width=\u00bb100%\u00bb use_icon_font_size=\u00bbon\u00bb icon_font_size=\u00bb16px\u00bb _builder_version=\u00bb4.6.6&#8243; body_line_height=\u00bb1.2em\u00bb background_layout=\u00bbdark\u00bb animation=\u00bboff\u00bb]<\/p>\n<p>C\/Palmeiras 56 (abajo de todo), la ultima nave.<\/p>\n<p>Poligono Novo Milladoiro<br \/> 15895 Ames<\/p>\n<p>[\/et_pb_blurb][et_pb_blurb use_icon=\u00bbon\u00bb font_icon=\u00bb%%264%%\u00bb icon_color=\u00bb#ffffff\u00bb icon_placement=\u00bbleft\u00bb content_max_width=\u00bb100%\u00bb use_icon_font_size=\u00bbon\u00bb icon_font_size=\u00bb16px\u00bb _builder_version=\u00bb4.6.6&#8243; body_line_height=\u00bb1.2em\u00bb background_layout=\u00bbdark\u00bb animation=\u00bboff\u00bb link_option_url=\u00bb#\u00bb]<\/p>\n<p>+34\u00a0<span>981 533 848<\/span><\/p>\n<p>[\/et_pb_blurb][et_pb_blurb use_icon=\u00bbon\u00bb font_icon=\u00bb%%238%%\u00bb icon_color=\u00bb#ffffff\u00bb icon_placement=\u00bbleft\u00bb content_max_width=\u00bb100%\u00bb use_icon_font_size=\u00bbon\u00bb icon_font_size=\u00bb16px\u00bb _builder_version=\u00bb4.6.6&#8243; body_line_height=\u00bb1.2em\u00bb background_layout=\u00bbdark\u00bb animation=\u00bboff\u00bb link_option_url=\u00bb#\u00bb]<\/p>\n<p><span>neumaticos.low.cost.galicia@gmail.com \u00a0<\/span><\/p>\n<p>[\/et_pb_blurb][\/et_pb_column][et_pb_column type=\u00bb1_4&#8243; _builder_version=\u00bb4.2.2&#8243;][et_pb_button button_url=\u00bbhttps:\/\/goo.gl\/maps\/3aNc9cM7Hh1DvDLk7&#8243; button_text=\u00bbCOMO LLEGAR\u00bb _builder_version=\u00bb4.6.6&#8243; _module_preset=\u00bbdefault\u00bb custom_button=\u00bbon\u00bb button_text_color=\u00bb#ffffff\u00bb button_font=\u00bb|600|||||||\u00bb][\/et_pb_button][\/et_pb_column][et_pb_column type=\u00bb1_2&#8243; _builder_version=\u00bb4.3.2&#8243;][et_pb_code _builder_version=\u00bb4.6.6&#8243; _module_preset=\u00bbdefault\u00bb]<iframe src=\"https:\/\/www.google.com\/maps\/embed?pb=!1m18!1m12!1m3!1d2311.3114763635635!2d-8.585202105604669!3d42.85290579751072!2m3!1f0!2f0!3f0!3m2!1i1024!2i768!4f13.1!3m3!1m2!1s0xd2efdf7b95c8fb3%3A0x8a671c0d9586619f!2sNEUMATICOS%20LOW%20COST%20GALICIA%20SL!5e0!3m2!1ses!2ses!4v1622759600722!5m2!1ses!2ses\" width=\"600\" height=\"350\" style=\"border:0;\" allowfullscreen=\"\" loading=\"lazy\"><\/iframe>[\/et_pb_code][\/et_pb_column][\/et_pb_row][\/et_pb_section]<\/p>\n","protected":false},"excerpt":{"rendered":"<p>SERVICIOS Aceptaci\u00f3n de encargos durante las 24 horas del d\u00eda \u00bfSu veh\u00edculo necesita una revisi\u00f3n o reparaci\u00f3n, pero no puede tra\u00e9rnoslo durante nuestro horario habitual? &nbsp; En\u00a0neumaticos low cost galicia esto no supone ning\u00fan problema: aparque su autom\u00f3vil\u00a0delante del taller fuera de nuestros horarios seg\u00fan una cita acordada previamente. Para entregarnos la llave del veh\u00edculo, [&hellip;]<\/p>\n","protected":false},"author":1,"featured_media":0,"parent":0,"menu_order":0,"comment_status":"closed","ping_status":"closed","template":"","meta":{"_et_pb_use_builder":"on","_et_pb_old_content":"","_et_gb_content_width":"","footnotes":"","_joinchat":[]},"aioseo_notices":[],"_links":{"self":[{"href":"https:\/\/neumaticoslowcost.es\/index.php\/wp-json\/wp\/v2\/pages\/67"}],"collection":[{"href":"https:\/\/neumaticoslowcost.es\/index.php\/wp-json\/wp\/v2\/pages"}],"about":[{"href":"https:\/\/neumaticoslowcost.es\/index.php\/wp-json\/wp\/v2\/types\/page"}],"author":[{"embeddable":true,"href":"https:\/\/neumaticoslowcost.es\/index.php\/wp-json\/wp\/v2\/users\/1"}],"replies":[{"embeddable":true,"href":"https:\/\/neumaticoslowcost.es\/index.php\/wp-json\/wp\/v2\/comments?post=67"}],"version-history":[{"count":13,"href":"https:\/\/neumaticoslowcost.es\/index.php\/wp-json\/wp\/v2\/pages\/67\/revisions"}],"predecessor-version":[{"id":104,"href":"https:\/\/neumaticoslowcost.es\/index.php\/wp-json\/wp\/v2\/pages\/67\/revisions\/104"}],"wp:attachment":[{"href":"https:\/\/neumaticoslowcost.es\/index.php\/wp-json\/wp\/v2\/media?parent=67"}],"curies":[{"name":"wp","href":"https:\/\/api.w.org\/{rel}","templated":true}]}}